{"id":132,"date":"2014-12-17T23:21:16","date_gmt":"2014-12-17T21:21:16","guid":{"rendered":"http:\/\/lareedbigband.de\/?page_id=132"},"modified":"2014-12-17T23:21:16","modified_gmt":"2014-12-17T21:21:16","slug":"bandhistorie-2","status":"publish","type":"page","link":"https:\/\/lareedbigband.eu\/index.php\/bandhistorie-2\/","title":{"rendered":"Bandhistorie"},"content":{"rendered":"<p><strong>1983<\/strong> &#8211; Uli Prei\u00df (www.studio-preiss.de), damals\u00a0 in der Musikschule Lampertheim als Klavierlehrer t\u00e4tig, bringt Musiker aus allen Sparten zu einem Jazzworkshop zusammen, bietet einen regelm\u00e4\u00dfigen gemeinsamen Unterricht in Harmonielehre und Improvisation an und schafft damit die Grundlage f\u00fcr das \u201cJazz- und -Rock Ensemble der Musikschule Lampertheim\u201d<\/p>\n<p><strong>1984<\/strong> &#8211; erstes Konzert; damalige Besetzung: Uli Prei\u00df (lead+trp), Michael Semmler (dr), Bernd Kettler (dr), J\u00fcrgen Beck (g), Stefan Sch\u00fctt (g), Jochen Hiller (trp), Reinhard Kretschmer (ts), J\u00f6rg Sebastian (ts), Frank Schmidt (b), Waltraud Wirthwein (p), Judith Griegossies (voc)<a href=\"http:\/\/lareedbigband.eu\/wp-content\/uploads\/2014\/12\/1984.jpg\"><img loading=\"lazy\" decoding=\"async\" class=\"alignleft wp-image-139 size-medium\" src=\"http:\/\/lareedbigband.eu\/wp-content\/uploads\/2014\/12\/1984-300x155.jpg\" alt=\"1984\" width=\"300\" height=\"155\" srcset=\"https:\/\/lareedbigband.eu\/wp-content\/uploads\/2014\/12\/1984-300x155.jpg 300w, https:\/\/lareedbigband.eu\/wp-content\/uploads\/2014\/12\/1984-768x396.jpg 768w, https:\/\/lareedbigband.eu\/wp-content\/uploads\/2014\/12\/1984.jpg 800w\" sizes=\"auto, (max-width: 300px) 100vw, 300px\" \/><\/a><\/p>\n<p>&nbsp;<\/p>\n<p>&nbsp;<\/p>\n<p>&nbsp;<\/p>\n<p>&nbsp;<\/p>\n<p><strong>1987<\/strong> &#8211; Mit der &#8220;Baghira Big Band&#8221; erblickt am 07.02.1987 die &#8220;ungeheure Musik&#8221; das Licht der Welt und sorgt mit 14 Musikern f\u00fcr einen druckvollen dynamischen Sound.<\/p>\n<p><a href=\"http:\/\/lareedbigband.eu\/wp-content\/uploads\/2014\/12\/baghira.jpg\"><img loading=\"lazy\" decoding=\"async\" class=\"alignleft wp-image-141\" src=\"http:\/\/lareedbigband.eu\/wp-content\/uploads\/2014\/12\/baghira-210x300.jpg\" alt=\"baghira\" width=\"102\" height=\"146\" srcset=\"https:\/\/lareedbigband.eu\/wp-content\/uploads\/2014\/12\/baghira-210x300.jpg 210w, https:\/\/lareedbigband.eu\/wp-content\/uploads\/2014\/12\/baghira-300x430.jpg 300w, https:\/\/lareedbigband.eu\/wp-content\/uploads\/2014\/12\/baghira.jpg 419w\" sizes=\"auto, (max-width: 102px) 100vw, 102px\" \/><\/a><\/p>\n<p>&nbsp;<\/p>\n<p>&nbsp;<\/p>\n<p>&nbsp;<\/p>\n<p>Besetzung: Uli Prei\u00df (Lead +trp), Eva Lang (voc), Jochen Hiller (trp), Hans-Peter Stoll (trp), Clemens B\u00f6binger (trp), Ulrich Braun (ts), J\u00f6rg Sebastian (ts), Rolf Strecker (trb), Bj\u00f6rn Maier (trb), Matthias Coenen (git), Andreas B\u00e4r (keyb), Frank Schmitt (bass), Michael Semmler (dr), Peter Stolz (perc)<\/p>\n<p><strong>1990<\/strong> \u2013 Aus \u201eBaghira\u201c wird eine klassische Big Band mit Unterst\u00fctzung der Stadt Lampertheim, ihr Name lautet fortan \u201eBigband der Stadt Lampertheim\u201c.<\/p>\n<p><strong>1993<\/strong> &#8211; Besetzung: Rolf Strecker (trb), Heiko Raubach (trb), Markus Busalt (trb), Jochen Hiller (tr), Heiko Persson (voc), Martina Waldmann (keyb), Uli Prei\u00df (lead), Clemens B\u00f6binger (tr), Anja Roszalskis (ts), Jochen Furch (ts), Alexander Gutschalk (as), J\u00f6rg Sebastian (as), Thomas Schader (dr), Stefan Sch\u00e4fer (git), Manfred Blessing (b), Hans-Peter Stoll (tr)<\/p>\n<p>&nbsp;<\/p>\n<p><a href=\"http:\/\/lareedbigband.eu\/wp-content\/uploads\/2014\/12\/maerz93.jpg\"><img loading=\"lazy\" decoding=\"async\" class=\"alignleft wp-image-146\" src=\"http:\/\/lareedbigband.eu\/wp-content\/uploads\/2014\/12\/maerz93-300x156.jpg\" alt=\"maerz93\" width=\"235\" height=\"122\" srcset=\"https:\/\/lareedbigband.eu\/wp-content\/uploads\/2014\/12\/maerz93-300x156.jpg 300w, https:\/\/lareedbigband.eu\/wp-content\/uploads\/2014\/12\/maerz93-768x399.jpg 768w, https:\/\/lareedbigband.eu\/wp-content\/uploads\/2014\/12\/maerz93.jpg 800w\" sizes=\"auto, (max-width: 235px) 100vw, 235px\" \/><\/a><\/p>\n<p>&nbsp;<\/p>\n<p>&nbsp;<\/p>\n<p>&nbsp;<\/p>\n<p><strong>1994<\/strong> \u2013 Rainer Heute \u00fcbernimmt von Uli Preiss die Leitung der Bigband.<\/p>\n<p><a href=\"http:\/\/lareedbigband.eu\/wp-content\/uploads\/2014\/12\/rainer_g.jpg\"><img loading=\"lazy\" decoding=\"async\" class=\"alignnone  wp-image-148\" src=\"http:\/\/lareedbigband.eu\/wp-content\/uploads\/2014\/12\/rainer_g-172x300.jpg\" alt=\"rainer_g\" width=\"79\" height=\"138\" srcset=\"https:\/\/lareedbigband.eu\/wp-content\/uploads\/2014\/12\/rainer_g-172x300.jpg 172w, https:\/\/lareedbigband.eu\/wp-content\/uploads\/2014\/12\/rainer_g-768x1340.jpg 768w, https:\/\/lareedbigband.eu\/wp-content\/uploads\/2014\/12\/rainer_g-587x1024.jpg 587w, https:\/\/lareedbigband.eu\/wp-content\/uploads\/2014\/12\/rainer_g-300x524.jpg 300w, https:\/\/lareedbigband.eu\/wp-content\/uploads\/2014\/12\/rainer_g.jpg 800w\" sizes=\"auto, (max-width: 79px) 100vw, 79px\" \/><\/a><\/p>\n<p><strong>1999<\/strong> \u2013 Namens\u00e4nderung in \u201eL.A.Reed Bigband der Stadt Lampertheim\u201c<\/p>\n<p><a href=\"http:\/\/lareedbigband.eu\/wp-content\/uploads\/2014\/12\/worms_g.gif\"><img loading=\"lazy\" decoding=\"async\" class=\"alignleft wp-image-150\" src=\"http:\/\/lareedbigband.eu\/wp-content\/uploads\/2014\/12\/worms_g-268x300.gif\" alt=\"worms_g\" width=\"143\" height=\"160\" srcset=\"https:\/\/lareedbigband.eu\/wp-content\/uploads\/2014\/12\/worms_g-268x300.gif 268w, https:\/\/lareedbigband.eu\/wp-content\/uploads\/2014\/12\/worms_g-768x858.gif 768w, https:\/\/lareedbigband.eu\/wp-content\/uploads\/2014\/12\/worms_g-300x335.gif 300w\" sizes=\"auto, (max-width: 143px) 100vw, 143px\" \/><\/a><\/p>\n<p>&nbsp;<\/p>\n<p>&nbsp;<\/p>\n<p>&nbsp;<\/p>\n<p>&nbsp;<\/p>\n<p><strong>2003<\/strong> \u2013 Jubil\u00e4um und Aufnahme einer CD<br \/>\nBesetzung: Joachim Kurz (trb), Claudia Gutschalk (trb), Hans-Peter Stoll (tr), Martin Langlotz (tr), Stefan &#8220;Mc&#8221; Magin (tr), Johannes Landin (tr), Franz-Josef Kaufmann (tr), Cornelius Fritsch (bass), Sigi Vorwalter (vocals), Christian Schebitz (vocals), Markus Busalt (trb), Reinhard Pleil (git), Rainer Heute (lead), Heiko Schenkel (sax), Alexander Gutschalk (sax), J\u00f6rg Sebastian (sax), Roland Wenz (sax), Jochen Furch (sax), Walter &#8220;Kippe&#8221; Helbig (drums)<\/p>\n<p><a href=\"http:\/\/lareedbigband.eu\/wp-content\/uploads\/2014\/12\/band.jpg\"><img loading=\"lazy\" decoding=\"async\" class=\"alignleft wp-image-142\" src=\"http:\/\/lareedbigband.eu\/wp-content\/uploads\/2014\/12\/band-300x197.jpg\" alt=\"band\" width=\"210\" height=\"138\" srcset=\"https:\/\/lareedbigband.eu\/wp-content\/uploads\/2014\/12\/band-300x197.jpg 300w, https:\/\/lareedbigband.eu\/wp-content\/uploads\/2014\/12\/band-768x504.jpg 768w, https:\/\/lareedbigband.eu\/wp-content\/uploads\/2014\/12\/band.jpg 800w\" sizes=\"auto, (max-width: 210px) 100vw, 210px\" \/><\/a><\/p>\n<p>&nbsp;<\/p>\n<p>&nbsp;<\/p>\n<p>&nbsp;<\/p>\n<table border=\"0\" width=\"850\" cellspacing=\"0\" cellpadding=\"2\">\n<colgroup>\n<col width=\"846\" \/> <\/colgroup>\n<tbody>\n<tr>\n<td width=\"846\"><\/td>\n<\/tr>\n<\/tbody>\n<\/table>\n<p>&nbsp;<\/p>\n","protected":false},"excerpt":{"rendered":"<p>1983 &#8211; Uli Prei\u00df (www.studio-preiss.de), damals\u00a0 in der Musikschule Lampertheim als Klavierlehrer t\u00e4tig, bringt Musiker aus allen Sparten zu einem Jazzworkshop zusammen, bietet einen regelm\u00e4\u00dfigen gemeinsamen Unterricht in Harmonielehre und Improvisation an und schafft damit die Grundlage f\u00fcr das \u201cJazz- und -Rock Ensemble der Musikschule Lampertheim\u201d 1984 &#8211; erstes Konzert;<a href=\"https:\/\/lareedbigband.eu\/index.php\/bandhistorie-2\/\" class=\"read-more\">Read More&#8230;<\/a><\/p>\n","protected":false},"author":1,"featured_media":0,"parent":0,"menu_order":0,"comment_status":"closed","ping_status":"open","template":"","meta":{"footnotes":""},"class_list":["post-132","page","type-page","status-publish","hentry"],"_links":{"self":[{"href":"https:\/\/lareedbigband.eu\/index.php\/wp-json\/wp\/v2\/pages\/132","targetHints":{"allow":["GET"]}}],"collection":[{"href":"https:\/\/lareedbigband.eu\/index.php\/wp-json\/wp\/v2\/pages"}],"about":[{"href":"https:\/\/lareedbigband.eu\/index.php\/wp-json\/wp\/v2\/types\/page"}],"author":[{"embeddable":true,"href":"https:\/\/lareedbigband.eu\/index.php\/wp-json\/wp\/v2\/users\/1"}],"replies":[{"embeddable":true,"href":"https:\/\/lareedbigband.eu\/index.php\/wp-json\/wp\/v2\/comments?post=132"}],"version-history":[{"count":0,"href":"https:\/\/lareedbigband.eu\/index.php\/wp-json\/wp\/v2\/pages\/132\/revisions"}],"wp:attachment":[{"href":"https:\/\/lareedbigband.eu\/index.php\/wp-json\/wp\/v2\/media?parent=132"}],"curies":[{"name":"wp","href":"https:\/\/api.w.org\/{rel}","templated":true}]}}