{"id":2108,"date":"2014-09-21T16:31:44","date_gmt":"2014-09-21T14:31:44","guid":{"rendered":"http:\/\/lareedbigband.de\/?page_id=20"},"modified":"2014-09-21T16:31:44","modified_gmt":"2014-09-21T14:31:44","slug":"wie-es-dazu-kam","status":"publish","type":"page","link":"https:\/\/lareedbigband.eu\/index.php\/wie-es-dazu-kam\/","title":{"rendered":"Wie es dazu kam &#8230;"},"content":{"rendered":"<p>&#8220;LA REED BIG BAND&#8221; pr\u00e4sentiert ihre neue CD14 Swing- und Latinklassiker bei &#8220;Mammutaufnahmesession&#8221; eingespielt<br \/>\nUnser zweites CD-Projekt nach 1996 wurde an Pfingsten 2003 aufgenommen.<br \/>\nUnser Ziel war es, den musikalischen Stand zu dokumentieren und auszutesten, was im Studio \u201egeht\u201c. W\u00e4hrend die erste Produktion noch mehr den Charakter einer Demo-CD mit einer Laufzeit von gut 15 Minuten hatte, bietet die aktuelle CD mit 14 Titel eine dreiviertel Stunde knackige Bl\u00e4sersounds.<br \/>\nDas Repertoire der CD spiegelte ebenso das stilistische Spektrum der Band.<br \/>\nDie Planung der CD lief seit Fr\u00fchjahr 2003 auf Hochtouren. Die Aufnahmetermine wurden f\u00fcr das Pfingstwochenende festgelegt, der R\u00f6mersaal im \u201eHaus am R\u00f6mer\u201c bildete die ideale Kullisse (sowohl logistisch als auch akustisch).<br \/>\nEs wurden insgesamt f\u00fcnfzehn Titel eingespielt, eine ungewohnte aber interessante Herausforderung f\u00fcr alle Musiker.<br \/>\nDoch zun\u00e4chst mussten die Aufnahmebedingungen geschaffen werden. Als Aufnahmeleiter, Tontechniker und &#8220;Mann f\u00fcr alle Sp\u00e4\u00dfe&#8221; wurde Paul Sch\u00fctt (<a href=\"http:\/\/www.poni-records.de\/\">Poni Records<\/a>) engagiert, der mit seiner Erfahrung die Basis f\u00fcr ein professionelles Arbeiten schaffte. Nach seinen Anweisungen wurde der R\u00f6mersaal mit Schalltrennw\u00e4nden und Podesten in ein funktionst\u00fcchtiges Studio verwandelt, dabei viele Meter Kabel verlegt, Mischpult und etliche Mikrofone sowie der\u201eGalgen\u201cals Motivationshilfe installiert.<\/p>\n<p>Unter der musikalischen Leitung von Bandleader Rainer Heute wurden w\u00e4hrend der Sessions Unmengen an Kaffee und selbstgebackenem Kuchen als Nervennahrung verzehrt. In der Folge wurden im Pony-Records-Studio noch Gesangs- sowie die Solistenstimmen eingespielt. Die CD, auf der u.a. Klassiker wie &#8220;Summerwind&#8221;, &#8220;Fly Me To The Moon&#8221; oder &#8220;Sing, Sing, Sing&#8221; zu h\u00f6ren sind, fand bisher guten Anklang, von der ersten Auflage von 1000 St\u00fcck sind bereits 800 verkauft&#8230;..<br \/>\nWir freuen uns, dass wir Partner gefunden haben, die unser Projekt als Sponsoren unterst\u00fctzen. In der \u00d6ffentlichkeit vorgestellt wurde der Tontr\u00e4ger am 20.9.03 im Rahmen einer Jubil\u00e4umsfeier der Lampertheimer<a href=\"http:\/\/www.ciba.de\/\">Ciba Spezialit\u00e4tenchemie<\/a>. Sowohl die<a href=\"http:\/\/www.rwepower.com\/\">RWE Power AG (Biblis)<\/a>, als auch der<em>Verein historische Eisenbahnen e.V. Mannheim<\/em>z\u00e4hlen ebenso zu unseren F\u00f6rderern.<br \/>\nHier geht es zum Bestellformular:<a title=\"Kontaktformular\" href=\"file:\/\/\/Users\/jofuus\/Desktop\/WebseitenmaterialLareed\/AlteSeite2\/page20\/page18\/page18.html\" rel=\"self\">CD-Bestellung.<\/a><\/p>\n","protected":false},"excerpt":{"rendered":"<p>&#8220;LA REED BIG BAND&#8221; pr\u00e4sentiert ihre neue CD14 Swing- und Latinklassiker bei &#8220;Mammutaufnahmesession&#8221; eingespielt Unser zweites CD-Projekt nach 1996 wurde an Pfingsten 2003 aufgenommen. Unser Ziel war es, den musikalischen Stand zu dokumentieren und auszutesten, was im Studio \u201egeht\u201c. W\u00e4hrend die erste Produktion noch mehr den Charakter einer Demo-CD mit<a href=\"https:\/\/lareedbigband.eu\/index.php\/wie-es-dazu-kam\/\" class=\"read-more\">Read More&#8230;<\/a><\/p>\n","protected":false},"author":1,"featured_media":0,"parent":0,"menu_order":0,"comment_status":"closed","ping_status":"closed","template":"","meta":{"footnotes":""},"class_list":["post-2108","page","type-page","status-publish","hentry"],"_links":{"self":[{"href":"https:\/\/lareedbigband.eu\/index.php\/wp-json\/wp\/v2\/pages\/2108","targetHints":{"allow":["GET"]}}],"collection":[{"href":"https:\/\/lareedbigband.eu\/index.php\/wp-json\/wp\/v2\/pages"}],"about":[{"href":"https:\/\/lareedbigband.eu\/index.php\/wp-json\/wp\/v2\/types\/page"}],"author":[{"embeddable":true,"href":"https:\/\/lareedbigband.eu\/index.php\/wp-json\/wp\/v2\/users\/1"}],"replies":[{"embeddable":true,"href":"https:\/\/lareedbigband.eu\/index.php\/wp-json\/wp\/v2\/comments?post=2108"}],"version-history":[{"count":0,"href":"https:\/\/lareedbigband.eu\/index.php\/wp-json\/wp\/v2\/pages\/2108\/revisions"}],"wp:attachment":[{"href":"https:\/\/lareedbigband.eu\/index.php\/wp-json\/wp\/v2\/media?parent=2108"}],"curies":[{"name":"wp","href":"https:\/\/api.w.org\/{rel}","templated":true}]}}