{"id":2315,"date":"2018-01-05T18:45:03","date_gmt":"2018-01-05T17:45:03","guid":{"rendered":"http:\/\/lareedbigband.eu\/?page_id=2315"},"modified":"2023-11-13T10:27:43","modified_gmt":"2023-11-13T09:27:43","slug":"verein","status":"publish","type":"page","link":"https:\/\/lareedbigband.eu\/index.php\/verein\/","title":{"rendered":"Verein"},"content":{"rendered":"<p>Mit dem Jahre 2016 beschlossen die Bandverantwortlichen, die Band auf ein neues Ger\u00fcst zu stellen.<\/p>\n<p><img loading=\"lazy\" decoding=\"async\" class=\"size-medium wp-image-2318 alignright\" src=\"http:\/\/lareedbigband.eu\/wp-content\/uploads\/2018\/01\/Vereinsgr\u00fcndung100_2298-300x221.jpg\" alt=\"\" width=\"300\" height=\"221\" srcset=\"https:\/\/lareedbigband.eu\/wp-content\/uploads\/2018\/01\/Vereinsgr\u00fcndung100_2298-300x221.jpg 300w, https:\/\/lareedbigband.eu\/wp-content\/uploads\/2018\/01\/Vereinsgr\u00fcndung100_2298-768x565.jpg 768w, https:\/\/lareedbigband.eu\/wp-content\/uploads\/2018\/01\/Vereinsgr\u00fcndung100_2298-1024x753.jpg 1024w\" sizes=\"auto, (max-width: 300px) 100vw, 300px\" \/><\/p>\n<p>Unter Ber\u00fccksichtung der ge\u00e4nderten logistischen und finanziellen Ausgangssituation und zur Sicherung der k\u00fcnftigen Aktivi\u00e4ten wurde der <strong>L.A. Reed-Big-Band e.V. <\/strong>gegr\u00fcndet.<\/p>\n<p>Der Verwaltungs- und Gr\u00fcndungsaufwand war f\u00fcr uns Neuland, wollten wir doch nie ein solch typisches Vereinsgerippe.<\/p>\n<p>Seither haben wir erfreulicherweise viele Freunde gewinnen k\u00f6nnen, die sich f\u00fcr einen Vereinsbeitritt entschlossen haben.<\/p>\n<p>Im Groben: der Vereinsbetrag betr\u00e4gt 1\u20ac\/Monat. Nicht verboten ist es, auf freiwilliger Grundlage mehr zu zahlen. Spenden bedenken wir sehr gerne mit einer Spendenquittung.<\/p>\n<p>Vereinsvorst\u00e4nde sind derzeit Christian Reichelt, J\u00f6rg Sebastian, Roland Wenz und Jochen Furch.<\/p>\n<p>Hier ist unser Beitrittsformular:<\/p>\n<p><a href=\"http:\/\/lareedbigband.eu\/wp-content\/uploads\/2023\/11\/Eintrittserklaerung-mit-SEPA-Mandat-LA-Reed-Bigband.pdf\">Eintrittserkla\u0308rung mit SEPA-Mandat LA Reed Bigband<\/a><\/p>\n","protected":false},"excerpt":{"rendered":"<p>Mit dem Jahre 2016 beschlossen die Bandverantwortlichen, die Band auf ein neues Ger\u00fcst zu stellen. Unter Ber\u00fccksichtung der ge\u00e4nderten logistischen und finanziellen Ausgangssituation und zur Sicherung der k\u00fcnftigen Aktivi\u00e4ten wurde der L.A. Reed-Big-Band e.V. gegr\u00fcndet. Der Verwaltungs- und Gr\u00fcndungsaufwand war f\u00fcr uns Neuland, wollten wir doch nie ein solch typisches<a href=\"https:\/\/lareedbigband.eu\/index.php\/verein\/\" class=\"read-more\">Read More&#8230;<\/a><\/p>\n","protected":false},"author":1,"featured_media":0,"parent":0,"menu_order":0,"comment_status":"closed","ping_status":"closed","template":"","meta":{"footnotes":""},"class_list":["post-2315","page","type-page","status-publish","hentry"],"_links":{"self":[{"href":"https:\/\/lareedbigband.eu\/index.php\/wp-json\/wp\/v2\/pages\/2315","targetHints":{"allow":["GET"]}}],"collection":[{"href":"https:\/\/lareedbigband.eu\/index.php\/wp-json\/wp\/v2\/pages"}],"about":[{"href":"https:\/\/lareedbigband.eu\/index.php\/wp-json\/wp\/v2\/types\/page"}],"author":[{"embeddable":true,"href":"https:\/\/lareedbigband.eu\/index.php\/wp-json\/wp\/v2\/users\/1"}],"replies":[{"embeddable":true,"href":"https:\/\/lareedbigband.eu\/index.php\/wp-json\/wp\/v2\/comments?post=2315"}],"version-history":[{"count":10,"href":"https:\/\/lareedbigband.eu\/index.php\/wp-json\/wp\/v2\/pages\/2315\/revisions"}],"predecessor-version":[{"id":19583,"href":"https:\/\/lareedbigband.eu\/index.php\/wp-json\/wp\/v2\/pages\/2315\/revisions\/19583"}],"wp:attachment":[{"href":"https:\/\/lareedbigband.eu\/index.php\/wp-json\/wp\/v2\/media?parent=2315"}],"curies":[{"name":"wp","href":"https:\/\/api.w.org\/{rel}","templated":true}]}}