{"id":2581,"date":"2019-03-09T08:31:38","date_gmt":"2019-03-09T07:31:38","guid":{"rendered":"http:\/\/lareedbigband.eu\/?page_id=2581"},"modified":"2019-03-09T21:29:03","modified_gmt":"2019-03-09T20:29:03","slug":"boris-friedel-bass-gitarre","status":"publish","type":"page","link":"https:\/\/lareedbigband.eu\/index.php\/boris-friedel-bass-gitarre\/","title":{"rendered":"Boris Friedel, Bass\/Gitarre"},"content":{"rendered":"<p style=\"text-align: right;\"><strong><img loading=\"lazy\" decoding=\"async\" class=\"size-medium wp-image-2587 alignleft\" src=\"http:\/\/lareedbigband.eu\/wp-content\/uploads\/2019\/03\/boris2-300x200.jpg\" alt=\"\" width=\"300\" height=\"200\" srcset=\"https:\/\/lareedbigband.eu\/wp-content\/uploads\/2019\/03\/boris2-300x200.jpg 300w, https:\/\/lareedbigband.eu\/wp-content\/uploads\/2019\/03\/boris2.jpg 740w\" sizes=\"auto, (max-width: 300px) 100vw, 300px\" \/><\/strong><\/p>\n<p style=\"text-align: left;\"><strong>Boris Friedel<\/strong>, Absolvent der Swiss Jazz School, ist das groovende Fundament zahlreicher Bands und Projekte.<br \/>\nInsidern ist er l\u00e4ngst bekannt durch seine Mitwirkung bei den angesagten Salsabands und durch seine Konzerte auf unz\u00e4hligen Jazz- und Bluesfestivals.<\/p>\n<p>Eine kleine Auswahl seiner musikalischen Weggef\u00e4hrten:<br \/>\nJennifer Rush, Bob Degen, Christina Lux, The Platters, Emil Mangelsdorff, Freddie Santiago, Jose Cortijo, Moskauer Staatszirkus, Nationaltheater Mannheim, Rolf Stahlhofen, Roberto Blanco, Pat Appleton, Rainer Pusch, Silke Hauck, Jim Kahr, Der Blasse Bertram, Joan Faulkner, Peter Kosch, Joe Haider, Jochen Brauer,<br \/>\nJoe Gallardo, Allen Blairman, Angela Frontera, Maisha Grant<\/p>\n<p>&nbsp;<\/p>\n<p>&nbsp;<\/p>\n","protected":false},"excerpt":{"rendered":"<p>Boris Friedel, Absolvent der Swiss Jazz School, ist das groovende Fundament zahlreicher Bands und Projekte. Insidern ist er l\u00e4ngst bekannt durch seine Mitwirkung bei den angesagten Salsabands und durch seine Konzerte auf unz\u00e4hligen Jazz- und Bluesfestivals. Eine kleine Auswahl seiner musikalischen Weggef\u00e4hrten: Jennifer Rush, Bob Degen, Christina Lux, The Platters,<a href=\"https:\/\/lareedbigband.eu\/index.php\/boris-friedel-bass-gitarre\/\" class=\"read-more\">Read More&#8230;<\/a><\/p>\n","protected":false},"author":1,"featured_media":0,"parent":0,"menu_order":0,"comment_status":"closed","ping_status":"closed","template":"","meta":{"footnotes":""},"class_list":["post-2581","page","type-page","status-publish","hentry"],"_links":{"self":[{"href":"https:\/\/lareedbigband.eu\/index.php\/wp-json\/wp\/v2\/pages\/2581","targetHints":{"allow":["GET"]}}],"collection":[{"href":"https:\/\/lareedbigband.eu\/index.php\/wp-json\/wp\/v2\/pages"}],"about":[{"href":"https:\/\/lareedbigband.eu\/index.php\/wp-json\/wp\/v2\/types\/page"}],"author":[{"embeddable":true,"href":"https:\/\/lareedbigband.eu\/index.php\/wp-json\/wp\/v2\/users\/1"}],"replies":[{"embeddable":true,"href":"https:\/\/lareedbigband.eu\/index.php\/wp-json\/wp\/v2\/comments?post=2581"}],"version-history":[{"count":2,"href":"https:\/\/lareedbigband.eu\/index.php\/wp-json\/wp\/v2\/pages\/2581\/revisions"}],"predecessor-version":[{"id":2589,"href":"https:\/\/lareedbigband.eu\/index.php\/wp-json\/wp\/v2\/pages\/2581\/revisions\/2589"}],"wp:attachment":[{"href":"https:\/\/lareedbigband.eu\/index.php\/wp-json\/wp\/v2\/media?parent=2581"}],"curies":[{"name":"wp","href":"https:\/\/api.w.org\/{rel}","templated":true}]}}