{"id":2583,"date":"2019-03-09T08:32:14","date_gmt":"2019-03-09T07:32:14","guid":{"rendered":"http:\/\/lareedbigband.eu\/?page_id=2583"},"modified":"2019-03-09T21:29:28","modified_gmt":"2019-03-09T20:29:28","slug":"cristiane-gavazzoni","status":"publish","type":"page","link":"https:\/\/lareedbigband.eu\/index.php\/cristiane-gavazzoni\/","title":{"rendered":"Cristiane Gavazzoni"},"content":{"rendered":"<p><strong><img loading=\"lazy\" decoding=\"async\" class=\"size-medium wp-image-2588 alignleft\" src=\"http:\/\/lareedbigband.eu\/wp-content\/uploads\/2019\/03\/chris1-293x300.jpg\" alt=\"\" width=\"293\" height=\"300\" srcset=\"https:\/\/lareedbigband.eu\/wp-content\/uploads\/2019\/03\/chris1-293x300.jpg 293w, https:\/\/lareedbigband.eu\/wp-content\/uploads\/2019\/03\/chris1-300x308.jpg 300w, https:\/\/lareedbigband.eu\/wp-content\/uploads\/2019\/03\/chris1.jpg 397w\" sizes=\"auto, (max-width: 293px) 100vw, 293px\" \/>Cristiane Gavazzoni<\/strong> wurde in Curitiba, Brasilien, geboren und hat dort Percussion an der Musikhochschule Paran\u00e1 studiert.<\/p>\n<p>Von 1998 bis 1999 war sie Mitglied im &#8220;Orquestra Jazz Sinf\u00f4nica de S\u00e3o Paulo&#8221;. 1999 kam sie nach Mainz, um klassisches Schlagzeug zu studieren.<\/p>\n<p>Nach dem Abschluss ihres Aufbaustudiums f\u00fcr klassisches Schlagzeug am Peter Cornelius Konservatorium in Mainz, studierte sie seit 2002 Jazz und Popularmusik an der Mannheimer Musikhochschule. Im Juli 2006 hat sie das Studium f\u00fcr Jazz- und Popularmusik erfolgreich abgeschlossen. In 2007 hat sie den Master of Music der Musikhochschule Mannheim erhalten.<\/p>\n<p>Als Percussionistin und Schlagzeugerin hat Cristiane weltweit mit verschiedenen Bands und Musikgruppen gespielt: Big Band des Hessisches Rundfunk &#8211; Konzerte und CD-Aufnahmen, SWR Big Band,Wiesbaden Staatstheater, Burg Festspiele Bad Vilbel &#8211; Hary &amp; Sally, Pro Sieben &#8211; Popstars, RNF Comedy Pfingstweide, Capitol Mannheim &#8211; Legende von Bomber und Rose, Rheinisches Collegium Musicum Wiesbaden &#8211; Marimba-Solo-Konzerte, Nationaltheater Mannheim, Nativa Brasileira\u00a0 Band &#8211; Japantournee 2008.<\/p>\n<p>Im Konservatorium Mainz unterrichtete sie von 2001 bis 2006 als Musikp\u00e4dagogin Kinder, Erwachsene und Behinderte in klassischer und popul\u00e4rer Musik.<\/p>\n<p>Seit Januar 2007 gibt sie Percussion- und Schlagzeugunterricht im Trommelpalast Mannheim.<\/p>\n<p>Seit 2015 Mitglied des Fl\u00fcchtlinges -Projektes \u201eSprache die verbinden\u201c in Mannheim.<\/p>\n","protected":false},"excerpt":{"rendered":"<p>Cristiane Gavazzoni wurde in Curitiba, Brasilien, geboren und hat dort Percussion an der Musikhochschule Paran\u00e1 studiert. Von 1998 bis 1999 war sie Mitglied im &#8220;Orquestra Jazz Sinf\u00f4nica de S\u00e3o Paulo&#8221;. 1999 kam sie nach Mainz, um klassisches Schlagzeug zu studieren. Nach dem Abschluss ihres Aufbaustudiums f\u00fcr klassisches Schlagzeug am Peter<a href=\"https:\/\/lareedbigband.eu\/index.php\/cristiane-gavazzoni\/\" class=\"read-more\">Read More&#8230;<\/a><\/p>\n","protected":false},"author":1,"featured_media":0,"parent":0,"menu_order":0,"comment_status":"closed","ping_status":"closed","template":"","meta":{"footnotes":""},"class_list":["post-2583","page","type-page","status-publish","hentry"],"_links":{"self":[{"href":"https:\/\/lareedbigband.eu\/index.php\/wp-json\/wp\/v2\/pages\/2583","targetHints":{"allow":["GET"]}}],"collection":[{"href":"https:\/\/lareedbigband.eu\/index.php\/wp-json\/wp\/v2\/pages"}],"about":[{"href":"https:\/\/lareedbigband.eu\/index.php\/wp-json\/wp\/v2\/types\/page"}],"author":[{"embeddable":true,"href":"https:\/\/lareedbigband.eu\/index.php\/wp-json\/wp\/v2\/users\/1"}],"replies":[{"embeddable":true,"href":"https:\/\/lareedbigband.eu\/index.php\/wp-json\/wp\/v2\/comments?post=2583"}],"version-history":[{"count":2,"href":"https:\/\/lareedbigband.eu\/index.php\/wp-json\/wp\/v2\/pages\/2583\/revisions"}],"predecessor-version":[{"id":2590,"href":"https:\/\/lareedbigband.eu\/index.php\/wp-json\/wp\/v2\/pages\/2583\/revisions\/2590"}],"wp:attachment":[{"href":"https:\/\/lareedbigband.eu\/index.php\/wp-json\/wp\/v2\/media?parent=2583"}],"curies":[{"name":"wp","href":"https:\/\/api.w.org\/{rel}","templated":true}]}}